{"id":15935,"date":"2025-11-27T15:04:52","date_gmt":"2025-11-27T14:04:52","guid":{"rendered":"https:\/\/www.lapietrabianca.net\/?post_type=product&#038;p=15935"},"modified":"2025-12-04T16:09:12","modified_gmt":"2025-12-04T15:09:12","slug":"essenza","status":"publish","type":"product","link":"https:\/\/www.lapietrabianca.net\/en\/product\/essenza\/","title":{"rendered":"Essenza &#8211; Orcetta handmade in Edizione Limitata"},"content":{"rendered":"<p>Here&#039;s to you <em><strong>Essenza<\/strong><\/em>, l&#8217;ultima bottiglia del progetto &#8220;<a href=\"https:\/\/www.lapietrabianca.net\/en\/le-stanze-dellulivo\/\" target=\"_blank\" rel=\"noopener\">Le Stanze dell&#8217;Ulivo<\/a>&#8220;: un\u2019orcetta decorata a mano dedicata all\u2019elisir pi\u00f9 prezioso al mondo: <strong>l&#8217;olio<\/strong>.<\/p>\n<p>Dopo, PIANTUMAZIONE, EVOLUZIONE, MUTAZIONE e BRUCATURA, <strong><em>ESSENZA<\/em><\/strong> celebra tutta la forza della Puglia, la pazienza della terra, la saggezza del frantoiano e il gusto di un olio praticamente perfetto.<\/p>\n<p>L&#8217;orcetta \u00e8 da 500ml e pu\u00f2 essere riempita con una delle nostre 3 variet\u00e0 di oli: Monocultivar Coratina, Monocultivar Ogliarola, Blend.<\/p>","protected":false},"excerpt":{"rendered":"<p>L&#8217;ultima bottiglia del progetto &#8220;Le Stanze dell&#8217;Ulivo&#8221;. Un\u2019orcetta decorata a mano dedicata all\u2019elisir pi\u00f9 prezioso al mondo: <strong>l&#8217;olio<\/strong>.<\/p>\n<ul><\/ul>","protected":false},"featured_media":15940,"template":"","meta":[],"product_brand":[],"product_cat":[67,68,69],"product_tag":[],"class_list":{"0":"post-15935","1":"product","2":"type-product","3":"status-publish","4":"has-post-thumbnail","6":"product_cat-olio-doliva-blend","7":"product_cat-olio-doliva-monocultivar-coratina","8":"product_cat-olio-doliva-monocultivar-ogliarola","10":"first","11":"instock","12":"taxable","13":"shipping-taxable","14":"purchasable","15":"product-type-variable"},"_links":{"self":[{"href":"https:\/\/www.lapietrabianca.net\/en\/wp-json\/wp\/v2\/product\/15935","targetHints":{"allow":["GET"]}}],"collection":[{"href":"https:\/\/www.lapietrabianca.net\/en\/wp-json\/wp\/v2\/product"}],"about":[{"href":"https:\/\/www.lapietrabianca.net\/en\/wp-json\/wp\/v2\/types\/product"}],"wp:featuredmedia":[{"embeddable":true,"href":"https:\/\/www.lapietrabianca.net\/en\/wp-json\/wp\/v2\/media\/15940"}],"wp:attachment":[{"href":"https:\/\/www.lapietrabianca.net\/en\/wp-json\/wp\/v2\/media?parent=15935"}],"wp:term":[{"taxonomy":"product_brand","embeddable":true,"href":"https:\/\/www.lapietrabianca.net\/en\/wp-json\/wp\/v2\/product_brand?post=15935"},{"taxonomy":"product_cat","embeddable":true,"href":"https:\/\/www.lapietrabianca.net\/en\/wp-json\/wp\/v2\/product_cat?post=15935"},{"taxonomy":"product_tag","embeddable":true,"href":"https:\/\/www.lapietrabianca.net\/en\/wp-json\/wp\/v2\/product_tag?post=15935"}],"curies":[{"name":"wp","href":"https:\/\/api.w.org\/{rel}","templated":true}]}}